{"id":21,"date":"2025-10-24T00:57:03","date_gmt":"2025-10-23T22:57:03","guid":{"rendered":"https:\/\/quickmedia.200.solutions\/?page_id=21"},"modified":"2025-11-10T14:54:29","modified_gmt":"2025-11-10T13:54:29","slug":"o-nas","status":"publish","type":"page","link":"https:\/\/quickmedia.200.solutions\/?page_id=21","title":{"rendered":"O n\u00e1s"},"content":{"rendered":"<section class=\"bde-section-21-100 bde-section\">\n  \n\t\n\n\n\n<div class=\"section-container\"><h1 class=\"bde-heading-21-101 bde-heading\">\nO n\u00e1s\n<\/h1><a class=\"bde-container-link-21-102 bde-container-link breakdance-link\" href=\"https:\/\/quickmedia.200.solutions\" target=\"_self\" data-type=\"url\">\n  \n\t\n\n\n\n<div class=\"bde-icon-21-103 bde-icon back-icon\">\n\n    \n            <div class=\"bde-icon-icon breakdance-icon-atom\" >\n    \n                    <svg xmlns=\"http:\/\/www.w3.org\/2000\/svg\" viewBox=\"0 0 320 512\"><!-- Font Awesome Free 5.15.1 by @fontawesome - https:\/\/fontawesome.com License - https:\/\/fontawesome.com\/license\/free (Icons: CC BY 4.0, Fonts: SIL OFL 1.1, Code: MIT License) --><path d=\"M34.52 239.03L228.87 44.69c9.37-9.37 24.57-9.37 33.94 0l22.67 22.67c9.36 9.36 9.37 24.52.04 33.9L131.49 256l154.02 154.75c9.34 9.38 9.32 24.54-.04 33.9l-22.67 22.67c-9.37 9.37-24.57 9.37-33.94 0L34.52 272.97c-9.37-9.37-9.37-24.57 0-33.94z\"\/><\/svg>\n        \n        \n        \n            <\/div>\n    \n\n\n<\/div><div class=\"bde-text-21-104 bde-text back-text\">\nZp\u011bt\n<\/div>\n\n<\/a><\/div>\n<\/section><section class=\"bde-section-21-105 bde-section\">\n  \n\t\n\n\n\n<div class=\"section-container\"><div class=\"bde-columns-21-106 bde-columns\"><div class=\"bde-column-21-107 bde-column\">\n  \n\t\n\n\n\n<div class=\"bde-image-21-109 bde-image\">\n  \n\n\n\n\n\n<figure class=\"breakdance-image breakdance-image--238\">\n\t<div class=\"breakdance-image-container\">\n\t\t<div class=\"breakdance-image-clip\">\n\t\t\t\n\t\t\t\t\n\t\t\t\t\t      \n  \n  \n  \n  \n      \n      <img loading=\"lazy\" decoding=\"async\"\n      class=\"breakdance-image-object\"\n      src=\"https:\/\/quickmedia.200.solutions\/wp-content\/uploads\/2025\/10\/logo-tech.png\"\n      width=\"2016\"\n      height=\"2016\"\n      \n      \n                                    srcset=\"https:\/\/quickmedia.200.solutions\/wp-content\/uploads\/2025\/10\/logo-tech.png 2016w, https:\/\/quickmedia.200.solutions\/wp-content\/uploads\/2025\/10\/logo-tech-300x300.png 300w, https:\/\/quickmedia.200.solutions\/wp-content\/uploads\/2025\/10\/logo-tech-1024x1024.png 1024w, https:\/\/quickmedia.200.solutions\/wp-content\/uploads\/2025\/10\/logo-tech-150x150.png 150w, https:\/\/quickmedia.200.solutions\/wp-content\/uploads\/2025\/10\/logo-tech-768x768.png 768w, https:\/\/quickmedia.200.solutions\/wp-content\/uploads\/2025\/10\/logo-tech-1536x1536.png 1536w\"\n                                                                      >\n  \n\n\t\t\t\t\t\n\t\t\t\t\t\t<\/div>\n\t<\/div>\n\n\t<\/figure>\n\n<\/div>\n<\/div><div class=\"bde-column-21-108 bde-column\">\n  \n\t\n\n\n\n<h1 class=\"bde-heading-21-110 bde-heading\">\nNa\u0161e spole\u010dnost\n<\/h1><div class=\"bde-text-21-111 bde-text\">\nQuickMedia je v\u00fdkonn\u00e1 OTT platforma pro efektivn\u00ed zpracov\u00e1n\u00ed a distribuci multimedi\u00e1ln\u00edho obsahu, kter\u00e1 nab\u00edz\u00ed bezpe\u010dn\u00e9 doru\u010dov\u00e1n\u00ed na koncov\u00e1 za\u0159\u00edzen\u00ed a skv\u011bl\u00fd u\u017eivatelsk\u00fd z\u00e1\u017eitek. Dovoluje bez obav zpen\u011b\u017eovat vlastn\u00ed audiovizu\u00e1ln\u00ed tvorbu a d\u00edky modul\u00e1rn\u00ed architektu\u0159e poskytuje flexibilitu a \u0161k\u00e1lovatelnost pro snadn\u00e9 vytvo\u0159en\u00ed vlastn\u00ed online video platformy.\n<\/div>\n<\/div><\/div><\/div>\n<\/section><section class=\"bde-section-21-112 bde-section\">\n  \n\t\n\n\n\n<div class=\"section-container\"><h1 class=\"bde-heading-21-113 bde-heading\">\nN\u00e1\u0161 t\u00fdm\n<\/h1><div class=\"bde-post-loop-21-114 bde-post-loop\">\n<div class=\"ee-posts ee-posts-grid\">    <article class=\"ee-post\">\n        <div class=\"bde-code-block-252-100-270 bde-code-block bde-code-block-252-100\">\n\n  \n<div class=\"person-block\">\n    <div class=\"person-inner\" style=\"background-image: url('https:\/\/quickmedia.200.solutions\/wp-content\/uploads\/2025\/10\/marek_tvrz.png');\">\n        <div class=\"person-overlay\">\n            <div class=\"person-content\">\n                <h3 class=\"person-name\">Marek Tvrz<\/h3>\n                                    <p class=\"person-position\">Obchodn\u00ed z\u00e1stupce<\/p>\n                                            <\/div>\n        <\/div>\n    <\/div>\n<\/div>\n\n\n\n<\/div>    <\/article>\n    <article class=\"ee-post\">\n        <div class=\"bde-code-block-252-100-268 bde-code-block bde-code-block-252-100\">\n\n  \n<div class=\"person-block\">\n    <div class=\"person-inner\" style=\"background-image: url('https:\/\/quickmedia.200.solutions\/wp-content\/uploads\/2025\/10\/lubomir_vogl.png');\">\n        <div class=\"person-overlay\">\n            <div class=\"person-content\">\n                <h3 class=\"person-name\">Lubom\u00edr V\u00f3gl<\/h3>\n                                    <p class=\"person-position\">Technical lead<\/p>\n                                            <\/div>\n        <\/div>\n    <\/div>\n<\/div>\n\n\n\n<\/div>    <\/article>\n    <article class=\"ee-post\">\n        <div class=\"bde-code-block-252-100-250 bde-code-block bde-code-block-252-100\">\n\n  \n<div class=\"person-block\">\n    <div class=\"person-inner\" style=\"background-image: url('https:\/\/quickmedia.200.solutions\/wp-content\/uploads\/2025\/10\/tomasvysinsky.jpg');\">\n        <div class=\"person-overlay\">\n            <div class=\"person-content\">\n                <h3 class=\"person-name\">Tom\u00e1\u0161 Vy\u0161insk\u00fd<\/h3>\n                                    <p class=\"person-position\">Product manager<\/p>\n                                            <\/div>\n        <\/div>\n    <\/div>\n<\/div>\n\n\n\n<\/div>    <\/article>\n    <article class=\"ee-post\">\n        <div class=\"bde-code-block-252-100-246 bde-code-block bde-code-block-252-100\">\n\n  \n<div class=\"person-block\">\n    <div class=\"person-inner\" style=\"background-image: url('https:\/\/quickmedia.200.solutions\/wp-content\/uploads\/2025\/10\/jiri_purs.png');\">\n        <div class=\"person-overlay\">\n            <div class=\"person-content\">\n                <h3 class=\"person-name\">Ji\u0159\u00ed Pur\u0161<\/h3>\n                                    <p class=\"person-position\">CEO<\/p>\n                                            <\/div>\n        <\/div>\n    <\/div>\n<\/div>\n\n\n\n<\/div>    <\/article>\n<\/div>\n\n<\/div><\/div>\n<\/section>","protected":false},"excerpt":{"rendered":"<p>O n\u00e1s Zp\u011bt Na\u0161e spole\u010dnost QuickMedia je v\u00fdkonn\u00e1 OTT platforma pro efektivn\u00ed zpracov\u00e1n\u00ed a distribuci multimedi\u00e1ln\u00edho obsahu, kter\u00e1 nab\u00edz\u00ed bezpe\u010dn\u00e9 doru\u010dov\u00e1n\u00ed na koncov\u00e1 za\u0159\u00edzen\u00ed a skv\u011bl\u00fd u\u017eivatelsk\u00fd z\u00e1\u017eitek. Dovoluje bez obav zpen\u011b\u017eovat vlastn\u00ed audiovizu\u00e1ln\u00ed tvorbu a d\u00edky modul\u00e1rn\u00ed architektu\u0159e poskytuje flexibilitu a \u0161k\u00e1lovatelnost pro snadn\u00e9 vytvo\u0159en\u00ed vlastn\u00ed online video platformy. N\u00e1\u0161 t\u00fdm Marek Tvrz Obchodn\u00ed [&hellip;]<\/p>\n","protected":false},"author":1,"featured_media":0,"parent":0,"menu_order":0,"comment_status":"closed","ping_status":"closed","template":"","meta":{"_acf_changed":false,"inline_featured_image":false,"_breakdance_hide_in_design_set":false,"_breakdance_tags":"","footnotes":""},"class_list":["post-21","page","type-page","status-publish","hentry"],"acf":[],"_links":{"self":[{"href":"https:\/\/quickmedia.200.solutions\/index.php?rest_route=\/wp\/v2\/pages\/21","targetHints":{"allow":["GET"]}}],"collection":[{"href":"https:\/\/quickmedia.200.solutions\/index.php?rest_route=\/wp\/v2\/pages"}],"about":[{"href":"https:\/\/quickmedia.200.solutions\/index.php?rest_route=\/wp\/v2\/types\/page"}],"author":[{"embeddable":true,"href":"https:\/\/quickmedia.200.solutions\/index.php?rest_route=\/wp\/v2\/users\/1"}],"replies":[{"embeddable":true,"href":"https:\/\/quickmedia.200.solutions\/index.php?rest_route=%2Fwp%2Fv2%2Fcomments&post=21"}],"version-history":[{"count":12,"href":"https:\/\/quickmedia.200.solutions\/index.php?rest_route=\/wp\/v2\/pages\/21\/revisions"}],"predecessor-version":[{"id":284,"href":"https:\/\/quickmedia.200.solutions\/index.php?rest_route=\/wp\/v2\/pages\/21\/revisions\/284"}],"wp:attachment":[{"href":"https:\/\/quickmedia.200.solutions\/index.php?rest_route=%2Fwp%2Fv2%2Fmedia&parent=21"}],"curies":[{"name":"wp","href":"https:\/\/api.w.org\/{rel}","templated":true}]}}